{"id":2298,"date":"2025-10-09T09:23:03","date_gmt":"2025-10-09T09:23:03","guid":{"rendered":"https:\/\/sunoromed.com\/?post_type=product&#038;p=2298"},"modified":"2025-10-09T09:28:17","modified_gmt":"2025-10-09T09:28:17","slug":"sr-ds60-h2o2-plasma-sterilization-60l-hydroperoxide-low-temperature-plasma-sterilizer","status":"publish","type":"product","link":"https:\/\/sunoromed.com\/en\/product\/sr-ds60-h2o2-plasma-sterilization-60l-hydroperoxide-low-temperature-plasma-sterilizer\/","title":{"rendered":"SR-DS60 H2O2 Plasma Sterilization 60L Hydroperoxide Low Temperature Plasma Sterilizer"},"content":{"rendered":"<h2>Product Description<\/h2>\n<div class=\"module_title\" data-module-name=\"module_title\" data-aplus-ae=\"x2_5393b544\" data-spm-anchor-id=\"a2700.details.0.i1.736e204e8IiBOc\">\n<div class=\"product-title-container\">\n<div class=\"module_title\" data-module-name=\"module_title\" data-aplus-ae=\"x2_5393b544\" data-spm-anchor-id=\"a2700.details.0.i2.1d9c2a83hfpNl5\">\n<div class=\"product-title-container\">\n<div class=\"J_module\">\n<div class=\"detail-decorate-json-renderer-container\">\n<div class=\"magic-1\">\n<div class=\"magic-2\">\n<div class=\"magic-3\">\n<div class=\"magic-4\">\n<p style=\"text-align: center;\" title=\"8L 12L 18L Dental Clinics High Pressure Autoclaves\" data-spm-anchor-id=\"a2700.details.0.i111.22bf72c0LMbe6m\">Medical Rapid Sterilization Equipment H2O2 60L Low Temperature Plasma Sterilizer<\/p>\n<p title=\"8L 12L 18L Dental Clinics High Pressure Autoclaves\" data-spm-anchor-id=\"a2700.details.0.i111.22bf72c0LMbe6m\"><img fetchpriority=\"high\" decoding=\"async\" class=\"wp-image-2301 aligncenter\" src=\"https:\/\/sunoromed.com\/wp-content\/uploads\/2025\/10\/3-5.jpg\" alt=\"\" width=\"800\" height=\"758\" srcset=\"https:\/\/sunoromed.com\/wp-content\/uploads\/2025\/10\/3-5.jpg 1000w, https:\/\/sunoromed.com\/wp-content\/uploads\/2025\/10\/3-5-300x284.jpg 300w, https:\/\/sunoromed.com\/wp-content\/uploads\/2025\/10\/3-5-768x728.jpg 768w, https:\/\/sunoromed.com\/wp-content\/uploads\/2025\/10\/3-5-13x12.jpg 13w, https:\/\/sunoromed.com\/wp-content\/uploads\/2025\/10\/3-5-600x569.jpg 600w\" sizes=\"(max-width: 800px) 100vw, 800px\" \/><\/p>\n<\/div>\n<\/div>\n<\/div>\n<\/div>\n<\/div>\n<\/div>\n<\/div>\n<\/div>\n<\/div>\n<\/div>\n<table style=\"border-collapse: collapse; width: 1000px; height: 418px;\" border=\"0\" width=\"1325\" cellspacing=\"0\" cellpadding=\"0\">\n<tbody>\n<tr style=\"height: 15.00pt;\">\n<td class=\"et2\" style=\"height: 15.00pt; width: 123.45pt;\" width=\"329\" height=\"40\">Product name<\/td>\n<td class=\"et2\" style=\"width: 373.55pt;\" width=\"996\">Hydrogen Peroxide low temperature plasma sterilizer<\/td>\n<\/tr>\n<tr style=\"height: 13.50pt;\">\n<td class=\"et2\" style=\"height: 13.50pt; width: 123.45pt;\" width=\"329\" height=\"36\">Chamber volume<\/td>\n<td class=\"et2\" style=\"width: 373.55pt;\" width=\"996\">60L<\/td>\n<\/tr>\n<tr style=\"height: 13.50pt;\">\n<td class=\"et2\" style=\"height: 13.50pt; width: 123.45pt;\" width=\"329\" height=\"36\">Machine Size<\/td>\n<td class=\"et2\" style=\"width: 373.55pt;\" width=\"996\">750\u00d7630\u00d71510mm(L\u00d7W\u00d7H)<\/td>\n<\/tr>\n<tr style=\"height: 13.50pt;\">\n<td class=\"et2\" style=\"height: 13.50pt; width: 123.45pt;\" width=\"329\" height=\"36\">Power supply<\/td>\n<td class=\"et2\" style=\"width: 373.55pt;\" width=\"996\">AC220V, 50Hz or AC110V, 60HZ<\/td>\n<\/tr>\n<tr style=\"height: 13.50pt;\">\n<td class=\"et2\" style=\"height: 13.50pt; width: 123.45pt;\" width=\"329\" height=\"36\">Chamber materials<\/td>\n<td class=\"et2\" style=\"width: 373.55pt;\" width=\"996\">5052 Aluminum alloy<\/td>\n<\/tr>\n<tr style=\"height: 13.50pt;\">\n<td class=\"et2\" style=\"height: 13.50pt; width: 123.45pt;\" width=\"329\" height=\"36\">Sterilization temp<\/td>\n<td class=\"et2\" style=\"width: 373.55pt;\" width=\"996\">50\u00baC \u00b15\u00baC<\/td>\n<\/tr>\n<tr style=\"height: 13.50pt;\">\n<td class=\"et2\" style=\"height: 13.50pt; width: 123.45pt;\" width=\"329\" height=\"36\">Sterilization agent<\/td>\n<td class=\"et2\" style=\"width: 373.55pt;\" width=\"996\">60% H2O2<\/td>\n<\/tr>\n<tr style=\"height: 13.50pt;\">\n<td class=\"et2\" style=\"height: 13.50pt; width: 123.45pt;\" width=\"329\" height=\"36\">Sterilization time<\/td>\n<td class=\"et2\" style=\"width: 373.55pt;\" width=\"996\">35 minutes (fast cycle) or 55 minutes (strengthen cycle)<\/td>\n<\/tr>\n<tr style=\"height: 27.00pt;\">\n<td class=\"et2\" style=\"height: 27.00pt; width: 123.45pt;\" width=\"329\" height=\"72\">Control system<\/td>\n<td class=\"et2\" style=\"width: 373.55pt;\" width=\"996\">Siemens PLC, touch screen control. The process is fully automatic.<\/td>\n<\/tr>\n<tr style=\"height: 13.50pt;\">\n<td class=\"et2\" style=\"height: 27.00pt; width: 123.45pt;\" rowspan=\"2\" width=\"329\" height=\"72\">Record<\/td>\n<td class=\"et2\" style=\"width: 373.55pt;\" width=\"996\">Built-in thermal printer, real-time print out data<\/td>\n<\/tr>\n<tr style=\"height: 13.50pt;\">\n<td class=\"et2\" style=\"width: 373.55pt;\" width=\"996\">USB port available for historical data download<\/td>\n<\/tr>\n<tr style=\"height: 27.00pt;\">\n<td class=\"et2\" style=\"height: 27.00pt; width: 123.45pt;\" width=\"329\" height=\"72\">Sensors<\/td>\n<td class=\"et2\" style=\"width: 373.55pt;\" width=\"996\">Built-in sensors automatically detect temp &amp; pressure to ensure the efficiency and accuracy of the condition.<\/td>\n<\/tr>\n<tr style=\"height: 13.50pt;\">\n<td class=\"et2\" style=\"height: 13.50pt; width: 123.45pt;\" width=\"329\" height=\"36\">Protective functions<\/td>\n<td class=\"et2\" style=\"width: 373.55pt;\" width=\"996\">Overvoltage and over-temperature protection functions available<\/td>\n<\/tr>\n<tr style=\"height: 13.50pt;\">\n<td class=\"et2\" style=\"height: 40.50pt; width: 123.45pt;\" rowspan=\"3\" width=\"329\" height=\"108\">Filters<\/td>\n<td class=\"et2\" style=\"width: 373.55pt;\" width=\"996\">Oil-mist exhaust filtration system and air filter.<\/td>\n<\/tr>\n<tr style=\"height: 13.50pt;\">\n<td class=\"et2\" style=\"width: 373.55pt;\" width=\"996\">Oil-mist exhaust filtration system and air filter.<\/td>\n<\/tr>\n<tr style=\"height: 13.50pt;\">\n<td class=\"et2\" style=\"width: 373.55pt;\" width=\"996\">The air filtration accuracy is less than or equal to 0.2\u03bcm<\/td>\n<\/tr>\n<\/tbody>\n<\/table>\n<h2 id=\"ali-anchor-AliMagic-gu8wj0\" class=\"magic-3\" data-section=\"AliMagic-gu8wj0\" data-section-title=\"Company information\" data-spm-anchor-id=\"a2700.details-description.0.i7.2b23LibvLibv7c\">Company information<\/h2>\n<p><img decoding=\"async\" class=\"alignnone wp-image-1221 size-full\" src=\"https:\/\/sunoromed.com\/wp-content\/uploads\/2025\/08\/photobank-1-1.jpg\" alt=\"\" width=\"1000\" height=\"489\" srcset=\"https:\/\/sunoromed.com\/wp-content\/uploads\/2025\/08\/photobank-1-1.jpg 1000w, https:\/\/sunoromed.com\/wp-content\/uploads\/2025\/08\/photobank-1-1-300x147.jpg 300w, https:\/\/sunoromed.com\/wp-content\/uploads\/2025\/08\/photobank-1-1-768x376.jpg 768w, https:\/\/sunoromed.com\/wp-content\/uploads\/2025\/08\/photobank-1-1-600x293.jpg 600w\" sizes=\"(max-width: 1000px) 100vw, 1000px\" \/> <img decoding=\"async\" class=\"alignnone wp-image-1222 size-full\" src=\"https:\/\/sunoromed.com\/wp-content\/uploads\/2025\/08\/\u65b0\u8bc1\u4e66-2.jpg\" alt=\"\" width=\"1000\" height=\"1504\" srcset=\"https:\/\/sunoromed.com\/wp-content\/uploads\/2025\/08\/\u65b0\u8bc1\u4e66-2.jpg 1000w, https:\/\/sunoromed.com\/wp-content\/uploads\/2025\/08\/\u65b0\u8bc1\u4e66-2-199x300.jpg 199w, https:\/\/sunoromed.com\/wp-content\/uploads\/2025\/08\/\u65b0\u8bc1\u4e66-2-681x1024.jpg 681w, https:\/\/sunoromed.com\/wp-content\/uploads\/2025\/08\/\u65b0\u8bc1\u4e66-2-768x1155.jpg 768w, https:\/\/sunoromed.com\/wp-content\/uploads\/2025\/08\/\u65b0\u8bc1\u4e66-2-600x902.jpg 600w\" sizes=\"(max-width: 1000px) 100vw, 1000px\" \/> <img loading=\"lazy\" decoding=\"async\" class=\"alignnone wp-image-1223 size-full\" src=\"https:\/\/sunoromed.com\/wp-content\/uploads\/2025\/08\/\u5c55\u4f1a-2.jpg\" alt=\"\" width=\"1000\" height=\"1236\" srcset=\"https:\/\/sunoromed.com\/wp-content\/uploads\/2025\/08\/\u5c55\u4f1a-2.jpg 1000w, https:\/\/sunoromed.com\/wp-content\/uploads\/2025\/08\/\u5c55\u4f1a-2-243x300.jpg 243w, https:\/\/sunoromed.com\/wp-content\/uploads\/2025\/08\/\u5c55\u4f1a-2-828x1024.jpg 828w, https:\/\/sunoromed.com\/wp-content\/uploads\/2025\/08\/\u5c55\u4f1a-2-768x949.jpg 768w, https:\/\/sunoromed.com\/wp-content\/uploads\/2025\/08\/\u5c55\u4f1a-2-600x742.jpg 600w\" sizes=\"(max-width: 1000px) 100vw, 1000px\" \/><\/p>\n<h2>FAQ<\/h2>\n<p>1. Are you a manufacture or trader ?<br \/>\n\u2014-We are a professional manufacture , we have our own produce team and sales team, we also provide one-stop service.<br \/>\n2. What\u2019s your MOQ ?<br \/>\n\u2014-For this product, MOQ is 1 unit.<br \/>\n3. How long is the warranty time ?<br \/>\n\u2014-We supply 12 months warranty time ,during this time we will help you solve any problems.<br \/>\n4. Do you provide OEM\/ODM Service ?<br \/>\n\u2014-Yes, we provide this service to meet different requirements , different budget to all clients.<br \/>\n5. How are we going to install the equipment after purchasing ?<br \/>\n\u2014-We will provide user manual comes with machine ,also professional installation video to help you .<br \/>\n6.What payment terms you support ?<br \/>\n\u2014-We accept T\/T, credit card ,Visa card, Paypal etc.<br \/>\n7. What is your delivery time ?<br \/>\n\u2014-It depend on your qty,if we have it in stock ,we can ship in 3 days after receive deposit ,if we don\u2019t have it in stock,normally production time is 7-10 working days .<br \/>\n8. Do you have CE and ISO certificate ?<br \/>\n\u2014-Yes, most of our products have the CE and ISO certificate<\/p>\n","protected":false},"excerpt":{"rendered":"<p>Low-temperature plasma hydrogen peroxide sterilizer is suitable for rapid sterilization of all kinds of medical surgical instruments in hospital operating room and disinfection supply center.Microcomputer control, touch operation, automatic lifting door.<\/p>\n<p>&nbsp;<\/p>\n","protected":false},"featured_media":2299,"template":"","meta":{"_gspb_post_css":""},"product_brand":[],"product_cat":[84],"product_tag":[],"class_list":{"0":"post-2298","1":"product","2":"type-product","3":"status-publish","4":"has-post-thumbnail","6":"product_cat-plasma-sterilizer","8":"first","9":"instock","10":"shipping-taxable","11":"product-type-simple"},"aioseo_notices":[],"_links":{"self":[{"href":"https:\/\/sunoromed.com\/en\/wp-json\/wp\/v2\/product\/2298","targetHints":{"allow":["GET"]}}],"collection":[{"href":"https:\/\/sunoromed.com\/en\/wp-json\/wp\/v2\/product"}],"about":[{"href":"https:\/\/sunoromed.com\/en\/wp-json\/wp\/v2\/types\/product"}],"wp:featuredmedia":[{"embeddable":true,"href":"https:\/\/sunoromed.com\/en\/wp-json\/wp\/v2\/media\/2299"}],"wp:attachment":[{"href":"https:\/\/sunoromed.com\/en\/wp-json\/wp\/v2\/media?parent=2298"}],"wp:term":[{"taxonomy":"product_brand","embeddable":true,"href":"https:\/\/sunoromed.com\/en\/wp-json\/wp\/v2\/product_brand?post=2298"},{"taxonomy":"product_cat","embeddable":true,"href":"https:\/\/sunoromed.com\/en\/wp-json\/wp\/v2\/product_cat?post=2298"},{"taxonomy":"product_tag","embeddable":true,"href":"https:\/\/sunoromed.com\/en\/wp-json\/wp\/v2\/product_tag?post=2298"}],"curies":[{"name":"wp","href":"https:\/\/api.w.org\/{rel}","templated":true}]}}